{"id":8,"date":"2019-05-19T22:19:26","date_gmt":"2019-05-19T20:19:26","guid":{"rendered":"http:\/\/happybus.com.pl\/?page_id=8"},"modified":"2019-05-19T22:19:26","modified_gmt":"2019-05-19T20:19:26","slug":"oferta","status":"publish","type":"page","link":"https:\/\/happybus.com.pl\/index.php\/oferta\/","title":{"rendered":"OFERTA"},"content":{"rendered":"<div class=\"ui--title ui--animation ui--title-bordered text-left\"><div class=\"ui--title-holder\"><h1 class=\"ui--title-text\" style=\"color: #e10b7c !important;\">MAN Lion's Coach R07<\/h1><div class=\"ui--title-borders ui--title-border-left\"><\/div><div class=\"ui--title-borders ui--title-border-right\"><\/div><\/div><\/div><div class=\"ui-row row\">\n <div   class=\"ui-column span8\"><div class=\"auto-format ui--animation\"><ul>\n<li>Liczba miejsc 49+1+1<\/li>\n<li>NORMA ekologiczna EURO5+ (EEV)<\/li>\n<li>Autokar komfortowy, wysokopok\u0142adowy<\/li>\n<\/ul>\n<\/div><div class=\"ui--title ui--animation ui--title-bordered text-left\"><div class=\"ui--title-holder\"><h3 class=\"ui--title-text\">Wyposa\u017cenie:<\/h3><div style=\"border-color: #8f8f8f !important;\" class=\"ui--title-borders ui--title-border-left\"><\/div><div style=\"border-color: #8f8f8f !important;\" class=\"ui--title-borders ui--title-border-right\"><\/div><\/div><\/div><div class=\"auto-format ui--animation\"><ul>\n<li>klimatyzacja<\/li>\n<li>wc<\/li>\n<li>caffe-bar<\/li>\n<li>DVD, USB<\/li>\n<li>nag\u0142o\u015bnienie<\/li>\n<li>2 monitory<\/li>\n<li>indywidualne o\u015bwietlenie i nawiewy<\/li>\n<li>wygodne,\u00a0odchylane i rozsuwane siedzenia<\/li>\n<li>pasy bezpiecze\u0144stwa na wszystkich fotelach<\/li>\n<li>przestronne, nowoczesne wn\u0119trze<\/li>\n<\/ul>\n<\/div><div class=\"text-center ui--animation\"><a class=\"btn btn-normal btn-block btn-icon-left btn-sq5ksjtz8b btn-custom-color\" href=\"https:\/\/happybus.com.pl\/index.php\/kontakt\/\" style=\"\">Kontakt<\/a> <\/div><\/div> \n\n <div   class=\"ui-column span4\"><div class=\"ui--image-wrap clearfix text-center ui--block\"><img  id=\"ui--image-1\" class=\"ui--image ui--animation\" src=\"https:\/\/happybus.com.pl\/wp-content\/uploads\/2019\/06\/DSC_0726.JPG\" alt=\"\" title=\"\" data-at2x=\"\"\/><\/div><div  class=\"ui--space clearfix\" data-responsive=\"{&quot;css&quot;:{&quot;height&quot;:{&quot;phone&quot;:null,&quot;tablet&quot;:null,&quot;widescreen&quot;:null}}}\"><\/div><div id=\"ui--gallery-1\" class=\"ui--gallery ui--pass\" data-columns=\"4\"><div class=\"unstyled-all clearfix ui--gallery-wrapper columns-4 \"><div class=\"ui--carousel clearfix\" data-options=\"{&quot;effect&quot;:&quot;&quot;,&quot;auto_rotate&quot;:&quot;1&quot;,&quot;animation_loop&quot;:true,&quot;arrows&quot;:true,&quot;rotate_time&quot;:0,&quot;animate&quot;:true}\"><div class=\"slides\"><div class=\"ui-row row\">\n <div   class=\"ui-column span3\"><div class=\"ui--gallery-item ui--animation\"><div class=\"inner\"><a href=\"https:\/\/happybus.com.pl\/wp-content\/uploads\/2019\/06\/1458749324864.jpg\" target=\"_blank\" data-rel=\"prettyPhoto[ui--gallery-1]\"><img src=\"https:\/\/happybus.com.pl\/wp-content\/uploads\/2019\/06\/1458749324864-500x500.jpg\" class=\"\" alt=\"OFERTA\"\/><div class=\"ui--gallery-overlay\"><div class=\"center\"><span class=\"btn btn-normal btn-icon-left btn-grey ui--animation\" href=\"#\" style=\"\"><i class=\"ui--icon fontawesome-fullscreen\"><\/i><\/span> <\/div><\/div><\/a><\/div><\/div><\/div> \n\n <div   class=\"ui-column span3\"><div class=\"ui--gallery-item ui--animation\"><div class=\"inner\"><a href=\"https:\/\/happybus.com.pl\/wp-content\/uploads\/2019\/06\/DSC_0556.jpg\" target=\"_blank\" data-rel=\"prettyPhoto[ui--gallery-1]\"><img src=\"https:\/\/happybus.com.pl\/wp-content\/uploads\/2019\/06\/DSC_0556-500x500.jpg\" class=\"\" alt=\"OFERTA\"\/><div class=\"ui--gallery-overlay\"><div class=\"center\"><span class=\"btn btn-normal btn-icon-left btn-grey ui--animation\" href=\"#\" style=\"\"><i class=\"ui--icon fontawesome-fullscreen\"><\/i><\/span> <\/div><\/div><\/a><\/div><\/div><\/div> \n\n <div   class=\"ui-column span3\"><div class=\"ui--gallery-item ui--animation\"><div class=\"inner\"><a href=\"https:\/\/happybus.com.pl\/wp-content\/uploads\/2019\/06\/DSC_0560.jpg\" target=\"_blank\" data-rel=\"prettyPhoto[ui--gallery-1]\"><img src=\"https:\/\/happybus.com.pl\/wp-content\/uploads\/2019\/06\/DSC_0560-500x500.jpg\" class=\"\" alt=\"OFERTA\"\/><div class=\"ui--gallery-overlay\"><div class=\"center\"><span class=\"btn btn-normal btn-icon-left btn-grey ui--animation\" href=\"#\" style=\"\"><i class=\"ui--icon fontawesome-fullscreen\"><\/i><\/span> <\/div><\/div><\/a><\/div><\/div><\/div> \n\n <div   class=\"ui-column span3\"><div class=\"ui--gallery-item ui--animation\"><div class=\"inner\"><a href=\"https:\/\/happybus.com.pl\/wp-content\/uploads\/2019\/06\/DSC_0724.jpg\" target=\"_blank\" data-rel=\"prettyPhoto[ui--gallery-1]\"><img src=\"https:\/\/happybus.com.pl\/wp-content\/uploads\/2019\/06\/DSC_0724-500x500.jpg\" class=\"\" alt=\"OFERTA\"\/><div class=\"ui--gallery-overlay\"><div class=\"center\"><span class=\"btn btn-normal btn-icon-left btn-grey ui--animation\" href=\"#\" style=\"\"><i class=\"ui--icon fontawesome-fullscreen\"><\/i><\/span> <\/div><\/div><\/a><\/div><\/div><\/div> \n\n<\/div> \n<div class=\"ui-row row\">\n <div   class=\"ui-column span3\"><div class=\"ui--gallery-item ui--animation\"><div class=\"inner\"><a href=\"https:\/\/happybus.com.pl\/wp-content\/uploads\/2019\/06\/DSC_0725.jpg\" target=\"_blank\" data-rel=\"prettyPhoto[ui--gallery-1]\"><img src=\"https:\/\/happybus.com.pl\/wp-content\/uploads\/2019\/06\/DSC_0725-500x500.jpg\" class=\"\" alt=\"OFERTA\"\/><div class=\"ui--gallery-overlay\"><div class=\"center\"><span class=\"btn btn-normal btn-icon-left btn-grey ui--animation\" href=\"#\" style=\"\"><i class=\"ui--icon fontawesome-fullscreen\"><\/i><\/span> <\/div><\/div><\/a><\/div><\/div><\/div> \n\n <div   class=\"ui-column span3\"><div class=\"ui--gallery-item ui--animation\"><div class=\"inner\"><a href=\"https:\/\/happybus.com.pl\/wp-content\/uploads\/2019\/06\/DSC_0726-1.jpg\" target=\"_blank\" data-rel=\"prettyPhoto[ui--gallery-1]\"><img src=\"https:\/\/happybus.com.pl\/wp-content\/uploads\/2019\/06\/DSC_0726-1-500x500.jpg\" class=\"\" alt=\"OFERTA\"\/><div class=\"ui--gallery-overlay\"><div class=\"center\"><span class=\"btn btn-normal btn-icon-left btn-grey ui--animation\" href=\"#\" style=\"\"><i class=\"ui--icon fontawesome-fullscreen\"><\/i><\/span> <\/div><\/div><\/a><\/div><\/div><\/div> \n\n <div   class=\"ui-column span3\"><div class=\"ui--gallery-item ui--animation\"><div class=\"inner\"><a href=\"https:\/\/happybus.com.pl\/wp-content\/uploads\/2019\/06\/mms_img1661712740.jpg\" target=\"_blank\" data-rel=\"prettyPhoto[ui--gallery-1]\"><img src=\"https:\/\/happybus.com.pl\/wp-content\/uploads\/2019\/06\/mms_img1661712740-500x500.jpg\" class=\"\" alt=\"OFERTA\"\/><div class=\"ui--gallery-overlay\"><div class=\"center\"><span class=\"btn btn-normal btn-icon-left btn-grey ui--animation\" href=\"#\" style=\"\"><i class=\"ui--icon fontawesome-fullscreen\"><\/i><\/span> <\/div><\/div><\/a><\/div><\/div><\/div> \n\n <div   class=\"ui-column span3\"><div class=\"ui--gallery-item ui--animation\"><div class=\"inner\"><a href=\"https:\/\/happybus.com.pl\/wp-content\/uploads\/2019\/06\/mms_img3580536630.jpg\" target=\"_blank\" data-rel=\"prettyPhoto[ui--gallery-1]\"><img src=\"https:\/\/happybus.com.pl\/wp-content\/uploads\/2019\/06\/mms_img3580536630-500x500.jpg\" class=\"\" alt=\"OFERTA\"\/><div class=\"ui--gallery-overlay\"><div class=\"center\"><span class=\"btn btn-normal btn-icon-left btn-grey ui--animation\" href=\"#\" style=\"\"><i class=\"ui--icon fontawesome-fullscreen\"><\/i><\/span> <\/div><\/div><\/a><\/div><\/div><\/div> \n\n<\/div> \n<div class=\"ui-row row\">\n <div   class=\"ui-column span3\"><div class=\"ui--gallery-item ui--animation\"><div class=\"inner\"><a href=\"https:\/\/happybus.com.pl\/wp-content\/uploads\/2019\/06\/mms_img-5902324470.jpg\" target=\"_blank\" data-rel=\"prettyPhoto[ui--gallery-1]\"><img src=\"https:\/\/happybus.com.pl\/wp-content\/uploads\/2019\/06\/mms_img-5902324470-500x500.jpg\" class=\"\" alt=\"OFERTA\"\/><div class=\"ui--gallery-overlay\"><div class=\"center\"><span class=\"btn btn-normal btn-icon-left btn-grey ui--animation\" href=\"#\" style=\"\"><i class=\"ui--icon fontawesome-fullscreen\"><\/i><\/span> <\/div><\/div><\/a><\/div><\/div><\/div> \n\n <div   class=\"ui-column span3\"><div class=\"ui--gallery-item ui--animation\"><div class=\"inner\"><a href=\"https:\/\/happybus.com.pl\/wp-content\/uploads\/2019\/06\/Obraz-076.jpg\" target=\"_blank\" data-rel=\"prettyPhoto[ui--gallery-1]\"><img src=\"https:\/\/happybus.com.pl\/wp-content\/uploads\/2019\/06\/Obraz-076-500x500.jpg\" class=\"\" alt=\"OFERTA\"\/><div class=\"ui--gallery-overlay\"><div class=\"center\"><span class=\"btn btn-normal btn-icon-left btn-grey ui--animation\" href=\"#\" style=\"\"><i class=\"ui--icon fontawesome-fullscreen\"><\/i><\/span> <\/div><\/div><\/a><\/div><\/div><\/div> \n\n <div   class=\"ui-column span3\"><div class=\"ui--gallery-item ui--animation\"><div class=\"inner\"><a href=\"https:\/\/happybus.com.pl\/wp-content\/uploads\/2019\/06\/Obraz-077.jpg\" target=\"_blank\" data-rel=\"prettyPhoto[ui--gallery-1]\"><img src=\"https:\/\/happybus.com.pl\/wp-content\/uploads\/2019\/06\/Obraz-077-500x500.jpg\" class=\"\" alt=\"OFERTA\"\/><div class=\"ui--gallery-overlay\"><div class=\"center\"><span class=\"btn btn-normal btn-icon-left btn-grey ui--animation\" href=\"#\" style=\"\"><i class=\"ui--icon fontawesome-fullscreen\"><\/i><\/span> <\/div><\/div><\/a><\/div><\/div><\/div> \n\n <div   class=\"ui-column span3\"><div class=\"ui--gallery-item ui--animation\"><div class=\"inner\"><a href=\"https:\/\/happybus.com.pl\/wp-content\/uploads\/2019\/06\/P1019415.jpg\" target=\"_blank\" data-rel=\"prettyPhoto[ui--gallery-1]\"><img src=\"https:\/\/happybus.com.pl\/wp-content\/uploads\/2019\/06\/P1019415-500x500.jpg\" class=\"\" alt=\"OFERTA\"\/><div class=\"ui--gallery-overlay\"><div class=\"center\"><span class=\"btn btn-normal btn-icon-left btn-grey ui--animation\" href=\"#\" style=\"\"><i class=\"ui--icon fontawesome-fullscreen\"><\/i><\/span> <\/div><\/div><\/a><\/div><\/div><\/div> \n\n<\/div> \n<\/div><\/div><\/div><div class=\"clearfix\"><\/div><\/div><\/div> \n\n<\/div> \n<div  class=\"ui--space clearfix\" data-responsive=\"{&quot;css&quot;:{&quot;height&quot;:{&quot;phone&quot;:null,&quot;tablet&quot;:null,&quot;widescreen&quot;:null}}}\"><\/div><div class=\"ui--title ui--animation ui--title-bordered text-left\"><div class=\"ui--title-holder\"><h1 class=\"ui--title-text\" style=\"color: #e10b7c !important;\">MAN Lion's Coach R09<\/h1><div class=\"ui--title-borders ui--title-border-left\"><\/div><div class=\"ui--title-borders ui--title-border-right\"><\/div><\/div><\/div><div class=\"ui-row row\">\n <div   class=\"ui-column span8\"><div class=\"auto-format ui--animation\"><ul>\n<li>Liczba miejsc 55+1+1<\/li>\n<li>NORMA ekologiczna EURO5+ (EEV)<\/li>\n<li>Autokar komfortowy, wysokopok\u0142adowy, trzyosiowy<\/li>\n<\/ul>\n<\/div><div class=\"ui--title ui--animation ui--title-bordered text-left\"><div class=\"ui--title-holder\"><h3 class=\"ui--title-text\">Wyposa\u017cenie:<\/h3><div style=\"border-color: #8f8f8f !important;\" class=\"ui--title-borders ui--title-border-left\"><\/div><div style=\"border-color: #8f8f8f !important;\" class=\"ui--title-borders ui--title-border-right\"><\/div><\/div><\/div><div class=\"auto-format ui--animation\"><ul>\n<li>klimatyzacja<\/li>\n<li>wc<\/li>\n<li>caffe-bar<\/li>\n<li>DVD, USB<\/li>\n<li>nag\u0142o\u015bnienie<\/li>\n<li>monotory LCD<\/li>\n<li>indywidualne o\u015bwietlenie i nawiewy<\/li>\n<li>wygodne,\u00a0odchylane i rozsuwane siedzenia<\/li>\n<li>pasy bezpiecze\u0144stwa na wszystkich fotelach<\/li>\n<li>przestronne, nowoczesne wn\u0119trze<\/li>\n<\/ul>\n<\/div><div class=\"text-center ui--animation\"><a class=\"btn btn-normal btn-block btn-icon-left btn-sq5ksjtz8b btn-custom-color\" href=\"https:\/\/happybus.com.pl\/index.php\/kontakt\/\" style=\"\">Kontakt<\/a> <\/div><\/div> \n\n <div   class=\"ui-column span4\"><div class=\"ui--image-wrap clearfix text-center ui--block\"><img  id=\"ui--image-2\" class=\"ui--image ui--animation\" src=\"https:\/\/happybus.com.pl\/wp-content\/uploads\/2019\/06\/IMG_20190114_125015.jpg\" alt=\"\" title=\"\" data-at2x=\"\"\/><\/div><div id=\"ui--gallery-2\" class=\"ui--gallery ui--pass\" data-columns=\"3\"><div class=\"unstyled-all clearfix ui--gallery-wrapper columns-3 \"><div class=\"ui-row row\">\n <div   class=\"ui-column span4\"><div class=\"ui--gallery-item ui--animation\"><div class=\"inner\"><a href=\"https:\/\/happybus.com.pl\/wp-content\/uploads\/2019\/06\/IMG_20190114_125047.jpg\" target=\"_blank\" data-rel=\"prettyPhoto[ui--gallery-2]\"><img src=\"https:\/\/happybus.com.pl\/wp-content\/uploads\/2019\/06\/IMG_20190114_125047-500x500.jpg\" class=\"\" alt=\"OFERTA\"\/><div class=\"ui--gallery-overlay\"><div class=\"center\"><span class=\"btn btn-normal btn-icon-left btn-grey ui--animation\" href=\"#\" style=\"\"><i class=\"ui--icon fontawesome-fullscreen\"><\/i><\/span> <\/div><\/div><\/a><\/div><\/div><\/div> \n\n <div   class=\"ui-column span4\"><div class=\"ui--gallery-item ui--animation\"><div class=\"inner\"><a href=\"https:\/\/happybus.com.pl\/wp-content\/uploads\/2019\/06\/IMG_20190114_125339.jpg\" target=\"_blank\" data-rel=\"prettyPhoto[ui--gallery-2]\"><img src=\"https:\/\/happybus.com.pl\/wp-content\/uploads\/2019\/06\/IMG_20190114_125339-500x500.jpg\" class=\"\" alt=\"OFERTA\"\/><div class=\"ui--gallery-overlay\"><div class=\"center\"><span class=\"btn btn-normal btn-icon-left btn-grey ui--animation\" href=\"#\" style=\"\"><i class=\"ui--icon fontawesome-fullscreen\"><\/i><\/span> <\/div><\/div><\/a><\/div><\/div><\/div> \n\n <div   class=\"ui-column span4\"><div class=\"ui--gallery-item ui--animation\"><div class=\"inner\"><a href=\"https:\/\/happybus.com.pl\/wp-content\/uploads\/2019\/06\/IMG_20190114_130005.jpg\" target=\"_blank\" data-rel=\"prettyPhoto[ui--gallery-2]\"><img src=\"https:\/\/happybus.com.pl\/wp-content\/uploads\/2019\/06\/IMG_20190114_130005-500x500.jpg\" class=\"\" alt=\"OFERTA\"\/><div class=\"ui--gallery-overlay\"><div class=\"center\"><span class=\"btn btn-normal btn-icon-left btn-grey ui--animation\" href=\"#\" style=\"\"><i class=\"ui--icon fontawesome-fullscreen\"><\/i><\/span> <\/div><\/div><\/a><\/div><\/div><\/div> \n\n<\/div> \n<div class=\"ui-row row\">\n <div   class=\"ui-column span4\"><div class=\"ui--gallery-item ui--animation\"><div class=\"inner\"><a href=\"https:\/\/happybus.com.pl\/wp-content\/uploads\/2019\/06\/IMG_20190114_130548.jpg\" target=\"_blank\" data-rel=\"prettyPhoto[ui--gallery-2]\"><img src=\"https:\/\/happybus.com.pl\/wp-content\/uploads\/2019\/06\/IMG_20190114_130548-500x500.jpg\" class=\"\" alt=\"OFERTA\"\/><div class=\"ui--gallery-overlay\"><div class=\"center\"><span class=\"btn btn-normal btn-icon-left btn-grey ui--animation\" href=\"#\" style=\"\"><i class=\"ui--icon fontawesome-fullscreen\"><\/i><\/span> <\/div><\/div><\/a><\/div><\/div><\/div> \n\n <div   class=\"ui-column span4\"><div class=\"ui--gallery-item ui--animation\"><div class=\"inner\"><a href=\"https:\/\/happybus.com.pl\/wp-content\/uploads\/2019\/06\/IMG_20190114_131224.jpg\" target=\"_blank\" data-rel=\"prettyPhoto[ui--gallery-2]\"><img src=\"https:\/\/happybus.com.pl\/wp-content\/uploads\/2019\/06\/IMG_20190114_131224-500x500.jpg\" class=\"\" alt=\"OFERTA\"\/><div class=\"ui--gallery-overlay\"><div class=\"center\"><span class=\"btn btn-normal btn-icon-left btn-grey ui--animation\" href=\"#\" style=\"\"><i class=\"ui--icon fontawesome-fullscreen\"><\/i><\/span> <\/div><\/div><\/a><\/div><\/div><\/div> \n\n <div   class=\"ui-column span4\"><div class=\"ui--gallery-item ui--animation\"><div class=\"inner\"><a href=\"https:\/\/happybus.com.pl\/wp-content\/uploads\/2019\/06\/IMG_20190114_131324.jpg\" target=\"_blank\" data-rel=\"prettyPhoto[ui--gallery-2]\"><img src=\"https:\/\/happybus.com.pl\/wp-content\/uploads\/2019\/06\/IMG_20190114_131324-500x500.jpg\" class=\"\" alt=\"OFERTA\"\/><div class=\"ui--gallery-overlay\"><div class=\"center\"><span class=\"btn btn-normal btn-icon-left btn-grey ui--animation\" href=\"#\" style=\"\"><i class=\"ui--icon fontawesome-fullscreen\"><\/i><\/span> <\/div><\/div><\/a><\/div><\/div><\/div> \n\n<\/div> \n<\/div><div class=\"clearfix\"><\/div><\/div><\/div> \n\n<\/div> \n<div  class=\"ui--space clearfix\" data-responsive=\"{&quot;css&quot;:{&quot;height&quot;:{&quot;phone&quot;:null,&quot;tablet&quot;:null,&quot;widescreen&quot;:null}}}\"><\/div><div class=\"ui--title ui--animation ui--title-bordered text-left\"><div class=\"ui--title-holder\"><h1 class=\"ui--title-text\" style=\"color: #e10b7c !important;\">VOLVO 9700<\/h1><div class=\"ui--title-borders ui--title-border-left\"><\/div><div class=\"ui--title-borders ui--title-border-right\"><\/div><\/div><\/div><div class=\"ui-row row\">\n <div   class=\"ui-column span8\"><div class=\"auto-format ui--animation\"><ul>\n<li>Liczba miejsc 57+1+1<\/li>\n<li>NORMA ekologiczna EURO5<\/li>\n<li>Autokar komfortowy, wysokopok\u0142adowy, trzyosiowy<\/li>\n<\/ul>\n<\/div><div class=\"ui--title ui--animation ui--title-bordered text-left\"><div class=\"ui--title-holder\"><h3 class=\"ui--title-text\">Wyposa\u017cenie:<\/h3><div style=\"border-color: #8f8f8f !important;\" class=\"ui--title-borders ui--title-border-left\"><\/div><div style=\"border-color: #8f8f8f !important;\" class=\"ui--title-borders ui--title-border-right\"><\/div><\/div><\/div><div class=\"auto-format ui--animation\"><ul>\n<li>klimatyzacja<\/li>\n<li>wc<\/li>\n<li>caffe-bar<\/li>\n<li>DVD, USB<\/li>\n<li>nag\u0142o\u015bnienie<\/li>\n<li>monitory LCD<\/li>\n<li>indywidualne o\u015bwietlenie i nawiewy<\/li>\n<li>wygodne,\u00a0odchylane i rozsuwane siedzenia<\/li>\n<li>pasy bezpiecze\u0144stwa na wszystkich fotelach<\/li>\n<li>przestronne, nowoczesne wn\u0119trze<\/li>\n<\/ul>\n<\/div><div class=\"text-center ui--animation\"><a class=\"btn btn-normal btn-block btn-icon-left btn-sq5ksjtz8b btn-custom-color\" href=\"https:\/\/happybus.com.pl\/index.php\/kontakt\/\" style=\"\">Kontakt<\/a> <\/div><\/div> \n\n <div   class=\"ui-column span4\"><div class=\"ui--image-wrap clearfix text-center ui--block\"><img  id=\"ui--image-3\" class=\"ui--image ui--animation\" src=\"https:\/\/happybus.com.pl\/wp-content\/uploads\/2019\/06\/62140811_655273934896148_7606464287548112896_n.jpg\" alt=\"\" title=\"\" data-at2x=\"\"\/><\/div><div  class=\"ui--space clearfix\" data-responsive=\"{&quot;css&quot;:{&quot;height&quot;:{&quot;phone&quot;:null,&quot;tablet&quot;:null,&quot;widescreen&quot;:null}}}\"><\/div><div id=\"ui--gallery-3\" class=\"ui--gallery ui--pass\" data-columns=\"4\"><div class=\"unstyled-all clearfix ui--gallery-wrapper columns-4 \"><div class=\"ui-row row\">\n <div   class=\"ui-column span3\"><div class=\"ui--gallery-item ui--animation\"><div class=\"inner\"><a href=\"https:\/\/happybus.com.pl\/wp-content\/uploads\/2019\/06\/62140811_655273934896148_7606464287548112896_n-1.jpg\" target=\"_blank\" data-rel=\"prettyPhoto[ui--gallery-3]\"><img src=\"https:\/\/happybus.com.pl\/wp-content\/uploads\/2019\/06\/62140811_655273934896148_7606464287548112896_n-1-500x500.jpg\" class=\"\" alt=\"OFERTA\"\/><div class=\"ui--gallery-overlay\"><div class=\"center\"><span class=\"btn btn-normal btn-icon-left btn-grey ui--animation\" href=\"#\" style=\"\"><i class=\"ui--icon fontawesome-fullscreen\"><\/i><\/span> <\/div><\/div><\/a><\/div><\/div><\/div> \n\n <div   class=\"ui-column span3\"><div class=\"ui--gallery-item ui--animation\"><div class=\"inner\"><a href=\"https:\/\/happybus.com.pl\/wp-content\/uploads\/2019\/06\/62305343_335612443771027_1326410227423117312_n.jpg\" target=\"_blank\" data-rel=\"prettyPhoto[ui--gallery-3]\"><img src=\"https:\/\/happybus.com.pl\/wp-content\/uploads\/2019\/06\/62305343_335612443771027_1326410227423117312_n-500x500.jpg\" class=\"\" alt=\"OFERTA\"\/><div class=\"ui--gallery-overlay\"><div class=\"center\"><span class=\"btn btn-normal btn-icon-left btn-grey ui--animation\" href=\"#\" style=\"\"><i class=\"ui--icon fontawesome-fullscreen\"><\/i><\/span> <\/div><\/div><\/a><\/div><\/div><\/div> \n\n <div   class=\"ui-column span3\"><div class=\"ui--gallery-item ui--animation\"><div class=\"inner\"><a href=\"https:\/\/happybus.com.pl\/wp-content\/uploads\/2019\/06\/62554173_480498096028624_1093179755060002816_n.jpg\" target=\"_blank\" data-rel=\"prettyPhoto[ui--gallery-3]\"><img src=\"https:\/\/happybus.com.pl\/wp-content\/uploads\/2019\/06\/62554173_480498096028624_1093179755060002816_n-500x500.jpg\" class=\"\" alt=\"OFERTA\"\/><div class=\"ui--gallery-overlay\"><div class=\"center\"><span class=\"btn btn-normal btn-icon-left btn-grey ui--animation\" href=\"#\" style=\"\"><i class=\"ui--icon fontawesome-fullscreen\"><\/i><\/span> <\/div><\/div><\/a><\/div><\/div><\/div> \n\n <div   class=\"ui-column span3\"><div class=\"ui--gallery-item ui--animation\"><div class=\"inner\"><a href=\"https:\/\/happybus.com.pl\/wp-content\/uploads\/2019\/06\/P6149107.jpg\" target=\"_blank\" data-rel=\"prettyPhoto[ui--gallery-3]\"><img src=\"https:\/\/happybus.com.pl\/wp-content\/uploads\/2019\/06\/P6149107-500x500.jpg\" class=\"\" alt=\"OFERTA\"\/><div class=\"ui--gallery-overlay\"><div class=\"center\"><span class=\"btn btn-normal btn-icon-left btn-grey ui--animation\" href=\"#\" style=\"\"><i class=\"ui--icon fontawesome-fullscreen\"><\/i><\/span> <\/div><\/div><\/a><\/div><\/div><\/div> \n\n<\/div> \n<\/div><div class=\"clearfix\"><\/div><\/div><\/div> \n\n<\/div> \n<div class=\"ui--title ui--animation ui--title-bordered text-left\"><div class=\"ui--title-holder\"><h1 class=\"ui--title-text\" style=\"color: #e10b7c !important;\">FORMULARZ REZERWACJI<\/h1><div class=\"ui--title-borders ui--title-border-left\"><\/div><div class=\"ui--title-borders ui--title-border-right\"><\/div><\/div><\/div><div class=\"auto-format ui--animation\"><p><div role=\"form\" class=\"wpcf7\" id=\"wpcf7-f80-o1\" lang=\"pl-PL\" dir=\"ltr\">\n<div class=\"screen-reader-response\"><p role=\"status\" aria-live=\"polite\" aria-atomic=\"true\"><\/p> <ul><\/ul><\/div>\n<form action=\"\/index.php\/wp-json\/wp\/v2\/pages\/8#wpcf7-f80-o1\" method=\"post\" class=\"wpcf7-form init\" novalidate=\"novalidate\" data-status=\"init\">\n<div style=\"display: none;\">\n<input type=\"hidden\" name=\"_wpcf7\" value=\"80\" \/>\n<input type=\"hidden\" name=\"_wpcf7_version\" value=\"5.5.3\" \/>\n<input type=\"hidden\" name=\"_wpcf7_locale\" value=\"pl_PL\" \/>\n<input type=\"hidden\" name=\"_wpcf7_unit_tag\" value=\"wpcf7-f80-o1\" \/>\n<input type=\"hidden\" name=\"_wpcf7_container_post\" value=\"0\" \/>\n<input type=\"hidden\" name=\"_wpcf7_posted_data_hash\" value=\"\" \/>\n<input type=\"hidden\" name=\"_wpcf7_recaptcha_response\" value=\"\" \/>\n<\/div>\n<p><label> Imi\u0119 i nazwisko (wymagane)<br \/>\n    <span class=\"wpcf7-form-control-wrap your-name\"><input type=\"text\" name=\"your-name\" value=\"\" size=\"40\" class=\"wpcf7-form-control wpcf7-text wpcf7-validates-as-required\" aria-required=\"true\" aria-invalid=\"false\" \/><\/span> <\/label><\/p>\n<p><label> Telefon kontaktowy<br \/>\n    <span class=\"wpcf7-form-control-wrap tel-533\"><input type=\"tel\" name=\"tel-533\" value=\"\" size=\"40\" class=\"wpcf7-form-control wpcf7-text wpcf7-tel wpcf7-validates-as-required wpcf7-validates-as-tel\" aria-required=\"true\" aria-invalid=\"false\" \/><\/span> <\/label><\/p>\n<p><label> Trasa<br \/>\n    <span class=\"wpcf7-form-control-wrap text-110\"><input type=\"text\" name=\"text-110\" value=\"\" size=\"40\" class=\"wpcf7-form-control wpcf7-text wpcf7-validates-as-required\" aria-required=\"true\" aria-invalid=\"false\" \/><\/span> <\/label><\/p>\n<p><label> Termin<br \/>\n    <span class=\"wpcf7-form-control-wrap text-111\"><input type=\"text\" name=\"text-111\" value=\"\" size=\"40\" class=\"wpcf7-form-control wpcf7-text wpcf7-validates-as-required\" aria-required=\"true\" aria-invalid=\"false\" \/><\/span> <\/label><\/p>\n<p><label> Ilo\u015b\u0107 os\u00f3b<br \/>\n    <span class=\"wpcf7-form-control-wrap text-112\"><input type=\"text\" name=\"text-112\" value=\"\" size=\"40\" class=\"wpcf7-form-control wpcf7-text wpcf7-validates-as-required\" aria-required=\"true\" aria-invalid=\"false\" \/><\/span> <\/label><\/p>\n<p><label> Informacje dodatkowe:<br \/>\n    <span class=\"wpcf7-form-control-wrap your-message\"><textarea name=\"your-message\" cols=\"40\" rows=\"10\" class=\"wpcf7-form-control wpcf7-textarea\" aria-invalid=\"false\"><\/textarea><\/span> <\/label><\/p>\n\n<p><input type=\"submit\" value=\"Wy\u015blij\" class=\"wpcf7-form-control has-spinner wpcf7-submit\" \/><\/p>\n<div class=\"wpcf7-response-output\" aria-hidden=\"true\"><\/div><\/form><\/div><\/p>\n<\/div>","protected":false},"excerpt":{"rendered":"<p>MAN Lion&#8217;s Coach R07 Liczba miejsc 49+1+1 NORMA ekologiczna EURO5+ (EEV) Autokar komfortowy, wysokopok\u0142adowy Wyposa\u017cenie: klimatyzacja wc caffe-bar DVD, USB nag\u0142o\u015bnienie 2 monitory indywidualne o\u015bwietlenie i nawiewy wygodne,\u00a0odchylane i rozsuwane siedzenia pasy bezpiecze\u0144stwa na wszystkich fotelach przestronne, nowoczesne wn\u0119trze Kontakt MAN Lion&#8217;s Coach R09 Liczba miejsc 55+1+1 NORMA ekologiczna EURO5+ (EEV) Autokar komfortowy, wysokopok\u0142adowy, trzyosiowy [&hellip;]<\/p>\n","protected":false},"author":1,"featured_media":0,"parent":0,"menu_order":0,"comment_status":"closed","ping_status":"closed","template":"","meta":[],"_links":{"self":[{"href":"https:\/\/happybus.com.pl\/index.php\/wp-json\/wp\/v2\/pages\/8"}],"collection":[{"href":"https:\/\/happybus.com.pl\/index.php\/wp-json\/wp\/v2\/pages"}],"about":[{"href":"https:\/\/happybus.com.pl\/index.php\/wp-json\/wp\/v2\/types\/page"}],"author":[{"embeddable":true,"href":"https:\/\/happybus.com.pl\/index.php\/wp-json\/wp\/v2\/users\/1"}],"replies":[{"embeddable":true,"href":"https:\/\/happybus.com.pl\/index.php\/wp-json\/wp\/v2\/comments?post=8"}],"version-history":[{"count":1,"href":"https:\/\/happybus.com.pl\/index.php\/wp-json\/wp\/v2\/pages\/8\/revisions"}],"predecessor-version":[{"id":9,"href":"https:\/\/happybus.com.pl\/index.php\/wp-json\/wp\/v2\/pages\/8\/revisions\/9"}],"wp:attachment":[{"href":"https:\/\/happybus.com.pl\/index.php\/wp-json\/wp\/v2\/media?parent=8"}],"curies":[{"name":"wp","href":"https:\/\/api.w.org\/{rel}","templated":true}]}}