{"id":41,"date":"2019-06-01T13:54:12","date_gmt":"2019-06-01T11:54:12","guid":{"rendered":"http:\/\/happybus.com.pl\/?page_id=41"},"modified":"2019-06-01T13:54:12","modified_gmt":"2019-06-01T11:54:12","slug":"o-nas","status":"publish","type":"page","link":"https:\/\/happybus.com.pl\/index.php\/o-nas\/","title":{"rendered":"O NAS"},"content":{"rendered":"<div class=\"ui--title ui--animation ui--title-bordered text-left\"><div class=\"ui--title-holder\"><h3 class=\"ui--title-text\" style=\"color: #e10b7c !important;\">DLACZEGO MY<\/h3><div style=\"border-color: #808080 !important;\" class=\"ui--title-borders ui--title-border-left\"><\/div><div style=\"border-color: #808080 !important;\" class=\"ui--title-borders ui--title-border-right\"><\/div><\/div><\/div><div class=\"auto-format ui--animation\"><p>Jeste\u015bmy firm\u0105 dzia\u0142aj\u0105c\u0105 na rynku turystycznym od 1994 roku. Posiadamy olbrzymie do\u015bwiadczenie w zakresie \u015bwiadczenia us\u0142ug transportowych dla grup zorganizowanych \u2013 szk\u00f3\u0142, firm,\u00a0 zak\u0142ad\u00f3w pracy, parafii, jak r\u00f3wnie\u017c dla os\u00f3b indywidualnych. Zajmujemy si\u0119 organizacj\u0105 wszelkiego rodzaju imprez turystycznych \u2013 wycieczek szkolnych, zielonych szk\u00f3\u0142, wycieczek integracyjnych, wycieczek zagranicznych,\u00a0 pielgrzymek, wczas\u00f3w, kolonii, oboz\u00f3w, wyjazd\u00f3w narciarskich.<\/p>\n<\/div><div class=\"ui-row row\">\n <div   class=\"ui-column span9\"><div class=\"ui--title ui--animation ui--title-bordered text-left\"><div class=\"ui--title-holder\"><h3 class=\"ui--title-text\" style=\"color: #e10b7c !important;\">CO NAS WYR\u00d3\u017bNIA<\/h3><div style=\"border-color: #808080 !important;\" class=\"ui--title-borders ui--title-border-left\"><\/div><div style=\"border-color: #808080 !important;\" class=\"ui--title-borders ui--title-border-right\"><\/div><\/div><\/div><div class=\"auto-format ui--animation\"><ul>\n<li>Stawiamy na bezpiecze\u0144stwo, punktualno\u015b\u0107 i wygod\u0119 pasa\u017cer\u00f3w. Naszym atutem jest profesjonalizm i rzetelno\u015b\u0107.<\/li>\n<li>Gwarantujemy naszym Klientom  us\u0142ug\u0119 na najwy\u017cszym poziomie, przy zachowaniu atrakcyjnie niskich cen. Jeste\u015bmy otwarci na potrzeby Klient\u00f3w, elastyczni i pomocni przy planowaniu optymalnej trasy przejazdu.  Staramy si\u0119 sprosta\u0107 oczekiwaniom klient\u00f3w, s\u0142u\u017c\u0105c rad\u0105i do\u015bwiadczeniem.<\/li>\n<li> Zapewniamy w pe\u0142ni profesjonaln\u0105 i mi\u0142\u0105 obs\u0142ug\u0119 kulturalnych i sprawdzonych kierowc\u00f3w oraz pe\u0142ne bezpiecze\u0144stwo podr\u00f3\u017cowania. Posiadamy wszelkie wymagane pozwolenia, certyfikaty i licencje.  Nasze autokary spe\u0142niaj\u0105 normy bezpiecze\u0144stwa oraz obowi\u0105zki rejestracyjne w krajach Europy. \u015aci\u015ble przestrzegamy przepis\u00f3w o czasiee pracy kierowc\u00f3w.<\/li>\n<li>Jeste\u015bmy cz\u0142onkiem Dolno\u015bl\u0105skiej Izby Turystycznej oraz Dolno\u015bl\u0105skiego Stowarzyszenia Przewo\u017anik\u00f3w Mi\u0119dzynarodowych.<\/li>\n<li>Dysponujemy w\u0142asn\u0105 flot\u0105 komfortowych autokar\u00f3w turystycznych.<\/li>\n<li><strong>WYBIERAJ\u0104C NASZ\u0104 US\u0141UG\u0118 TRANSPORTOW\u0104<\/strong> maj\u0105 Pa\u0144stwo pewno\u015b\u0107 podr\u00f3\u017cowania w pe\u0142ni sprawnym technicznie, odpowiednio przygotowanym, schludnym i czystym autokarem<\/li>\n<li>Sta\u0142ym Klientom oferujemy szczeg\u00f3lnie korzystne warunki wsp\u00f3\u0142pracy!<\/li>\n<\/ul>\n<p>Jako organizator imprez turystycznych zapraszamy do skorzystania z naszej oferty wycieczek, wczas\u00f3w, pielgrzymek, wyjazd\u00f3w integracyjnych szkoleniowych, zielonych szk\u00f3\u0142. Zorganizujemy dla Pa\u0144stwa ka\u017cda wycieczk\u0119. Zapraszamy do zapoznania si\u0119 z  nasz\u0105 ofert\u0105 turystyczn\u0105 <strong><a href=\"https:\/\/www.happybus.pl\" target=\"_blank\">www.happybus.pl<\/a><\/strong><\/p>\n<p><right><em><strong>Serdecznie zapraszamy do skorzystania z naszych us\u0142ug!<\/strong><\/em><\/right><\/p>\n<\/div><\/div> \n\n <div   class=\"ui-column span3\"><div class=\"ui--image-wrap clearfix text-center ui--block\" style=\"margin-top: 30px;\"><img  id=\"ui--image-1\" class=\"ui--image ui--animation\" src=\"https:\/\/happybus.com.pl\/wp-content\/uploads\/2019\/06\/emblem.png\" alt=\"\" title=\"\" data-at2x=\"\"\/><\/div><\/div> \n\n<\/div> \n","protected":false},"excerpt":{"rendered":"<p>DLACZEGO MYJeste\u015bmy firm\u0105 dzia\u0142aj\u0105c\u0105 na rynku turystycznym od 1994 roku. Posiadamy olbrzymie do\u015bwiadczenie w zakresie \u015bwiadczenia us\u0142ug transportowych dla grup zorganizowanych \u2013 szk\u00f3\u0142, firm,\u00a0 zak\u0142ad\u00f3w pracy, parafii, jak r\u00f3wnie\u017c dla os\u00f3b indywidualnych. Zajmujemy si\u0119 organizacj\u0105 wszelkiego rodzaju imprez turystycznych \u2013 wycieczek szkolnych, zielonych szk\u00f3\u0142, wycieczek integracyjnych, wycieczek zagranicznych,\u00a0 pielgrzymek, wczas\u00f3w, kolonii, oboz\u00f3w, wyjazd\u00f3w narciarskich. CO [&hellip;]<\/p>\n","protected":false},"author":1,"featured_media":0,"parent":0,"menu_order":0,"comment_status":"closed","ping_status":"closed","template":"","meta":[],"_links":{"self":[{"href":"https:\/\/happybus.com.pl\/index.php\/wp-json\/wp\/v2\/pages\/41"}],"collection":[{"href":"https:\/\/happybus.com.pl\/index.php\/wp-json\/wp\/v2\/pages"}],"about":[{"href":"https:\/\/happybus.com.pl\/index.php\/wp-json\/wp\/v2\/types\/page"}],"author":[{"embeddable":true,"href":"https:\/\/happybus.com.pl\/index.php\/wp-json\/wp\/v2\/users\/1"}],"replies":[{"embeddable":true,"href":"https:\/\/happybus.com.pl\/index.php\/wp-json\/wp\/v2\/comments?post=41"}],"version-history":[{"count":1,"href":"https:\/\/happybus.com.pl\/index.php\/wp-json\/wp\/v2\/pages\/41\/revisions"}],"predecessor-version":[{"id":42,"href":"https:\/\/happybus.com.pl\/index.php\/wp-json\/wp\/v2\/pages\/41\/revisions\/42"}],"wp:attachment":[{"href":"https:\/\/happybus.com.pl\/index.php\/wp-json\/wp\/v2\/media?parent=41"}],"curies":[{"name":"wp","href":"https:\/\/api.w.org\/{rel}","templated":true}]}}